{"id":908,"date":"2019-04-26T08:13:54","date_gmt":"2019-04-26T08:13:54","guid":{"rendered":"https:\/\/www.hargoi.com\/politica-privacidad\/"},"modified":"2022-04-25T11:15:38","modified_gmt":"2022-04-25T09:15:38","slug":"politika-pribacidad","status":"publish","type":"page","link":"https:\/\/www.hargoi.com\/eu\/politika-pribacidad\/","title":{"rendered":"Politika Pribacidad"},"content":{"rendered":"<p>[et_pb_section fb_built=&#8221;1&#8243; _builder_version=&#8221;3.22&#8243;][et_pb_row _builder_version=&#8221;3.25&#8243; background_size=&#8221;initial&#8221; background_position=&#8221;top_left&#8221; background_repeat=&#8221;repeat&#8221;][et_pb_column type=&#8221;4_4&#8243; _builder_version=&#8221;3.25&#8243; custom_padding=&#8221;|||&#8221; custom_padding__hover=&#8221;|||&#8221;][et_pb_text _builder_version=&#8221;4.9.4&#8243; hover_enabled=&#8221;0&#8243; z_index_tablet=&#8221;500&#8243; sticky_enabled=&#8221;0&#8243;]<\/p>\n<h1>PRIBATUTASUN POLITIKA<\/h1>\n<h3>Arduraduna \u2013 nor da datuen tratamenduaren arduraduna?<\/h3>\n<p><strong>Nortasuna:<\/strong> Hargoi Hilerria, S.L.<br \/>\n<strong>Egoitza soziala:<\/strong> Pol. Ind. Industrialdea A-5, 20159 Asteasu, Gipuzkoa<br \/>\n<strong>IFZ:<\/strong> B-75050963<br \/>\n<strong>Telefonoa:<\/strong>  943 69 14 06<br \/>\n<strong>Posta elektronikoa:<\/strong> e-harria@hargoi.com<br \/>\n<strong>Harremanetarako:<\/strong> Joseba Usandizaga Ansa<br \/>\n<strong>Domeinu izena:<\/strong> hargoi.com\n<\/p>\n<h3>Helburuak &#8211; Zein helbururekin tratatzen ditugu zure datuak?<\/h3>\n<p>Datuen Babes Orokorreko 2016\/679 Europako Araudian xedatutakoa betez, jakinarazten dizugu ematen dizkiguzun datuak tratatuko ditugula:<\/p>\n<ul>\n<li>Kudeatu Plataformaren bidez egiten dituzun zerbitzuen kontratazioa, baita dagozkion fakturazioa eta entrega ere.<\/li>\n<li>Aldian-aldian M\u00e1rmoles Euskal Harriak egiten dituen jarduerekin lotutako zerbitzu, gertakari eta berriei buruzko komunikazioak bidali, edozein bitartekoren bidez (telefonoa, posta posta edo posta elektronikoa), kontrakorik adierazten ez bada edo erabiltzaileak baimena aurka egiten badu edo ezeztatzen badu.<\/li>\n<li>Kontratatutako zerbitzuen eta balio erantsiaren sektorearekin lotutako informazio komertziala eta\/edo promozionala bidaltzea azken erabiltzaileentzat, salbu eta kontrakorik adierazi edo erabiltzaileak baimena aurka egiten badu edo ezeztatzen badu.<\/li>\n<li>Legez ezarritako betebeharrak betetzeaz gain, kontratuzko betebeharrak betetzen direla egiaztatzeak ere, iruzurren prebentzioa barne hartzen zuen.<\/li>\n<li>Datuak erakundeei eta agintariei lagatzea, betiere legezko eta arauzko xedapenen arabera eskatzen badira.<\/li>\n<\/ul>\n<h3>Datu kategoriak &#8211; Zein datu prozesatzen ditugu?<\/h3>\n<p>Aipatutako helburuetatik eratorrita, M\u00e1rmoles Euskal Harrian datu-kategoria hauek kudeatzen ditugu:<\/p>\n<ul>\n<li>Identifikazio datuak<\/li>\n<li>Komunikazio elektronikoen metadatuak<\/li>\n<li>Informazio komertzialaren datuak. Erabiltzaileak hirugarrenen datuak emanez gero, bere baimena duela adierazten du eta klausula honetan jasotako informazioa lagatzeko konpromisoa hartzen du, M\u00e1rmoles Euskal Harria horri buruzko edozein erantzukizunetatik salbuetsiz.<\/li>\n<li>Hala ere, M\u00e1rmoles Euskal Harriak egiaztapenak egin ahal izango ditu gertakari hori egiaztatzeko, dagozkion diligentzia neurriak hartuz, datuen babeserako araudiaren arabera.<\/li>\n<\/ul>\n<h3>Legitimazioa: zein da zure datuen tratamendurako zilegitasuna?<\/h3>\n<p>Gure jarduera profesionalarekin lotutako zerbitzu, ekitaldi eta berriei buruzko aldizkako buletinak (buletina) bidaltzeko datuen tratamendua interesdunaren baimenean oinarritzen da, tratamendu hori egiteko berariaz eskatuta, indarrean dagoen araudiaren arabera.<br \/>\nHorrez gain, eskaintzei edo kolaborazioei lotutako datuen tratamendurako zilegitasuna bere datuak bidaltzen dituen erabiltzailearen baimenean oinarritzen da, eta edozein unetan kendu daiteke, nahiz eta horrek modu arinagoan izan daitekeen komunikazioan eragin dezakeen eta oztopoan. prozesuak.egin nahi duzuna.<br \/>\nAzkenik, datuak M\u00e1rmoles Euskal Harriari dagozkion legezko betebeharrak betetzeko erabili ahal izango dira.\n<\/p>\n<h3>Datuak gordetzeko epea &#8211; Zenbat denboran gordeko ditugu zure datuak?<\/h3>\n<p>M\u00e1rmoles Euskal Harriak erabiltzaileen datu pertsonalak gordeko ditu bildutako helburuak betetzeko behar den denborarako, emandako baimenak ezeztatzen ez diren bitartean. Ondoren, behar izanez gero, informazioa blokeatuta mantenduko du legez ezarritako epeetan.<\/p>\n<h3>Hartzaileak Zein hartzaileri helaraziko zaizkie zure datuak?<\/h3>\n<p>M\u00e1rmoles Euskal Harriari zerbitzuak eskaintzen dizkioten hornitzaileek, hala nola, hosting zerbitzuak, marketin tresnak eta eduki sistemak edo bestelako profesionalek eskura ditzakete zure datuetara, komunikazio hori legeak eskatzen duenean edo kontratatutako zerbitzuak gauzatzeko.<\/p>\n<p>M\u00e1rmoles Euskal Harriak dagozkion tratamendu-agindu-kontratuak sinatu ditu M\u00e1rmoles Euskal Harriari zerbitzua ematen dioten hornitzaile bakoitzarekin, hornitzaileek zure datuak indarrean dagoen legedian ezarritakoaren arabera tratatuko dituztela bermatzeko helburuarekin.<\/p>\n<p>Era berean, Estatuko Segurtasun Indar eta Kidegoetara eraman ahal izango dira legezko betebeharra dagoen kasuetan.<\/p>\n<p>Bankuak eta finantza entitateak, zerbitzuak biltzeko.<br \/>\nJarduera-sektoreetan eskumena duten administrazio publikoak, indarrean dagoen araudiak hala ezartzen duenean.\n<\/p>\n<h3>Informazioaren Segurtasuna &#8211; Zein segurtasun neurri ezartzen ditugu zure datuak zaintzeko?<\/h3>\n<p>\nPribatutasun-politika honetan islatzen diren datu mota desberdinak babesteko, beharrezko segurtasun-neurri teknikoak hartuko ditu galtzea, manipulatzea, zabaltzea edo aldatzea ekiditeko.\n<\/p>\n<ul>\n<li>Erabiltzailearen gailuaren eta M\u00e1rmoles Euskal Harriaren zerbitzarien arteko komunikazioen enkriptatzea<\/li>\n<li>Informazio enkriptatzea M\u00e1rmoles Euskal Harriaren beraren zerbitzarietan<\/li>\n<li>Hirugarrenek erabiltzaileen datuetara sarbidea eragozten duten beste neurri batzuk.<\/li>\n<li>M\u00e1rmoles Euskal Harriak Europar Batasunetik kanpo dauden plataforma mantentzeko zerbitzu-hornitzaileak dituen kasuetan, nazioarteko transferentzia hauek M\u00e1rmoles Euskal Harriak erabiltzaileen datu pertsonalen babesarekin, osotasunarekin eta segurtasunarekin hartutako konpromisoaren arabera erregularizatu dira. <\/li>\n<\/ul>\n<h3>Eskubideak &#8211; Zeintzuk dira zure eskubideak zure datuak ematen dizkiguzunean eta nola gauza ditzakezu?<\/h3>\n<p>\nEskubidea duzu M\u00e1rmoles Euskal Harrian zuri dagozkizun datu pertsonalak prozesatzen ari garen ala ez egiaztatzeko eskubidea.<br \/>\nEra berean, zure datu pertsonalak atzitzeko eskubidea duzu, bai eta datu okerrak zuzentzeko eskatzeko edo, hala badagokio, horiek ezabatzeko eskatzeko ere, beste arrazoi batzuen artean, datuak bildu ziren helburuetarako beharrezkoak ez direnean.<\/p>\n<p>Zenbait egoeratan, zure datuen tratamendua mugatzeko eska dezakezu, eta kasu horretan erreklamazioak gauzatzeko edo defendatzeko soilik gordeko ditugu.<br \/>\nEgoera jakin batzuetan eta zure egoera partikularrarekin lotutako arrazoiengatik, zure datuen tratamenduaren aurka egin dezakezu. M\u00e1rmoles Euskal Harriak datuak tratatzeari utziko dio, ezinbesteko arrazoi legitimoengatik edo erreklamazio posibleak gauzatu edo defendatzeagatik izan ezik.<\/p>\n<p>Era berean, datuen eramangarritasun-eskubidea erabil dezakezu, bai eta emandako baimenak edozein unetan kendu ere, kendu aurreko baimenean oinarritutako tratamenduaren legezkotasunari eragin gabe.<\/p>\n<p>Zure eskubideren bat erabili nahi baduzu, <a href=\"mailto:e-harria@hargoi.com\">e-harria@hargoi.com<\/a>  helbidera jar zaitezke harremanetan. <\/p>\n<p>Azkenik, jakinarazten dizugu Datuak Babesteko Espainiako Agentziarekin eta beste erakunde publiko eskudunekin harremanetan jar zaitezkeela zure datu pertsonalen tratamenduaren ondoriozko edozein erreklamaziorako.\n<\/p>\n<h3>Pribatutasun politika aldatzea<\/h3>\n<p>\nM\u00e1rmoles Euskal Harriak Pribatutasun Politika hau edozein unetan alda dezake, ondoz ondoko bertsioak Webgunean argitaratuz. Nolanahi ere, M\u00e1rmoles Euskal Harriak erabiltzaileei eragiten dieten politika honen aldaketak aldez aurretik jakinaraziko ditu haiek onar ditzaten. <\/p>\n<p>Pribatutasun politika hau 2018\/12\/27tik eguneratuta dago M\u00e1rmoles Euskal Harria (Espainia). Eskubide guztiak erreserbatuak.<\/p>\n<p>Nahi izanez gero, gure <strong><a href=\"\/eu\/cookieen-politika\/\">Cookieen Politika  <\/a><\/strong> ere kontsulta dezakezu\n<\/p>\n<p>[\/et_pb_text][\/et_pb_column][\/et_pb_row][\/et_pb_section]<\/p>\n","protected":false},"excerpt":{"rendered":"<p>[et_pb_section fb_built=&#8221;1&#8243; _builder_version=&#8221;3.22&#8243;][et_pb_row _builder_version=&#8221;3.25&#8243; background_size=&#8221;initial&#8221; background_position=&#8221;top_left&#8221; background_repeat=&#8221;repeat&#8221;][et_pb_column type=&#8221;4_4&#8243; _builder_version=&#8221;3.25&#8243; custom_padding=&#8221;|||&#8221; custom_padding__hover=&#8221;|||&#8221;][et_pb_text _builder_version=&#8221;4.9.4&#8243; hover_enabled=&#8221;0&#8243; z_index_tablet=&#8221;500&#8243; sticky_enabled=&#8221;0&#8243;] PRIBATUTASUN POLITIKA Arduraduna \u2013 nor da datuen tratamenduaren arduraduna? Nortasuna: Hargoi Hilerria, S.L. Egoitza soziala: Pol. Ind. Industrialdea A-5, 20159 Asteasu, Gipuzkoa IFZ: B-75050963 Telefonoa: 943 69 14 06 Posta elektronikoa: e-harria@hargoi.com Harremanetarako: Joseba Usandizaga Ansa Domeinu izena: hargoi.com Helburuak [&hellip;]<\/p>\n","protected":false},"author":1,"featured_media":0,"parent":0,"menu_order":21,"comment_status":"closed","ping_status":"closed","template":"","meta":{"_et_pb_use_builder":"on","_et_pb_old_content":"","_et_gb_content_width":"","_monsterinsights_skip_tracking":false,"_monsterinsights_sitenote_active":false,"_monsterinsights_sitenote_note":"","_monsterinsights_sitenote_category":0},"yoast_head":"<!-- This site is optimized with the Yoast SEO plugin v17.2 - https:\/\/yoast.com\/wordpress\/plugins\/seo\/ -->\n<title>Marmoler\u00eda para ba\u00f1os y cocinas en Gipuzkoa<\/title>\n<meta name=\"description\" content=\"En Euskal Harria nos dedicamos a la industria de la piedra natural as\u00ed como montaje de muebles y equipamientos de cocinas y cuartos de ba\u00f1o.\" \/>\n<meta name=\"robots\" content=\"index, follow, max-snippet:-1, max-image-preview:large, max-video-preview:-1\" \/>\n<link rel=\"canonical\" href=\"https:\/\/www.hargoi.com\/eu\/politika-pribacidad\/\" \/>\n<meta property=\"og:locale\" content=\"eu_ES\" \/>\n<meta property=\"og:type\" content=\"article\" \/>\n<meta property=\"og:title\" content=\"Marmoler\u00eda para ba\u00f1os y cocinas en Gipuzkoa\" \/>\n<meta property=\"og:description\" content=\"En Euskal Harria nos dedicamos a la industria de la piedra natural as\u00ed como montaje de muebles y equipamientos de cocinas y cuartos de ba\u00f1o.\" \/>\n<meta property=\"og:url\" content=\"https:\/\/www.hargoi.com\/eu\/politika-pribacidad\/\" \/>\n<meta property=\"og:site_name\" content=\"M\u00e1rmoles Euskal Harria\" \/>\n<meta property=\"article:modified_time\" content=\"2022-04-25T09:15:38+00:00\" \/>\n<meta name=\"twitter:card\" content=\"summary_large_image\" \/>\n<meta name=\"twitter:label1\" content=\"Est. reading time\" \/>\n\t<meta name=\"twitter:data1\" content=\"4 minutes\" \/>\n<script type=\"application\/ld+json\" class=\"yoast-schema-graph\">{\"@context\":\"https:\/\/schema.org\",\"@graph\":[{\"@type\":\"WebSite\",\"@id\":\"https:\/\/www.hargoi.com\/#website\",\"url\":\"https:\/\/www.hargoi.com\/\",\"name\":\"M\\u00e1rmoles Euskal Harria\",\"description\":\"Trabajos en M\\u00e1rmol: panteones, inscripciones\",\"potentialAction\":[{\"@type\":\"SearchAction\",\"target\":{\"@type\":\"EntryPoint\",\"urlTemplate\":\"https:\/\/www.hargoi.com\/?s={search_term_string}\"},\"query-input\":\"required name=search_term_string\"}],\"inLanguage\":\"eu-ES\"},{\"@type\":\"WebPage\",\"@id\":\"https:\/\/www.hargoi.com\/eu\/politika-pribacidad\/#webpage\",\"url\":\"https:\/\/www.hargoi.com\/eu\/politika-pribacidad\/\",\"name\":\"Marmoler\\u00eda para ba\\u00f1os y cocinas en Gipuzkoa\",\"isPartOf\":{\"@id\":\"https:\/\/www.hargoi.com\/#website\"},\"datePublished\":\"2019-04-26T08:13:54+00:00\",\"dateModified\":\"2022-04-25T09:15:38+00:00\",\"description\":\"En Euskal Harria nos dedicamos a la industria de la piedra natural as\\u00ed como montaje de muebles y equipamientos de cocinas y cuartos de ba\\u00f1o.\",\"breadcrumb\":{\"@id\":\"https:\/\/www.hargoi.com\/eu\/politika-pribacidad\/#breadcrumb\"},\"inLanguage\":\"eu-ES\",\"potentialAction\":[{\"@type\":\"ReadAction\",\"target\":[\"https:\/\/www.hargoi.com\/eu\/politika-pribacidad\/\"]}]},{\"@type\":\"BreadcrumbList\",\"@id\":\"https:\/\/www.hargoi.com\/eu\/politika-pribacidad\/#breadcrumb\",\"itemListElement\":[{\"@type\":\"ListItem\",\"position\":1,\"name\":\"Home\",\"item\":\"https:\/\/www.hargoi.com\/eu\/\"},{\"@type\":\"ListItem\",\"position\":2,\"name\":\"Politika Pribacidad\"}]}]}<\/script>\n<!-- \/ Yoast SEO plugin. -->","yoast_head_json":{"title":"Marmoler\u00eda para ba\u00f1os y cocinas en Gipuzkoa","description":"En Euskal Harria nos dedicamos a la industria de la piedra natural as\u00ed como montaje de muebles y equipamientos de cocinas y cuartos de ba\u00f1o.","robots":{"index":"index","follow":"follow","max-snippet":"max-snippet:-1","max-image-preview":"max-image-preview:large","max-video-preview":"max-video-preview:-1"},"canonical":"https:\/\/www.hargoi.com\/eu\/politika-pribacidad\/","og_locale":"eu_ES","og_type":"article","og_title":"Marmoler\u00eda para ba\u00f1os y cocinas en Gipuzkoa","og_description":"En Euskal Harria nos dedicamos a la industria de la piedra natural as\u00ed como montaje de muebles y equipamientos de cocinas y cuartos de ba\u00f1o.","og_url":"https:\/\/www.hargoi.com\/eu\/politika-pribacidad\/","og_site_name":"M\u00e1rmoles Euskal Harria","article_modified_time":"2022-04-25T09:15:38+00:00","twitter_card":"summary_large_image","twitter_misc":{"Est. reading time":"4 minutes"},"schema":{"@context":"https:\/\/schema.org","@graph":[{"@type":"WebSite","@id":"https:\/\/www.hargoi.com\/#website","url":"https:\/\/www.hargoi.com\/","name":"M\u00e1rmoles Euskal Harria","description":"Trabajos en M\u00e1rmol: panteones, inscripciones","potentialAction":[{"@type":"SearchAction","target":{"@type":"EntryPoint","urlTemplate":"https:\/\/www.hargoi.com\/?s={search_term_string}"},"query-input":"required name=search_term_string"}],"inLanguage":"eu-ES"},{"@type":"WebPage","@id":"https:\/\/www.hargoi.com\/eu\/politika-pribacidad\/#webpage","url":"https:\/\/www.hargoi.com\/eu\/politika-pribacidad\/","name":"Marmoler\u00eda para ba\u00f1os y cocinas en Gipuzkoa","isPartOf":{"@id":"https:\/\/www.hargoi.com\/#website"},"datePublished":"2019-04-26T08:13:54+00:00","dateModified":"2022-04-25T09:15:38+00:00","description":"En Euskal Harria nos dedicamos a la industria de la piedra natural as\u00ed como montaje de muebles y equipamientos de cocinas y cuartos de ba\u00f1o.","breadcrumb":{"@id":"https:\/\/www.hargoi.com\/eu\/politika-pribacidad\/#breadcrumb"},"inLanguage":"eu-ES","potentialAction":[{"@type":"ReadAction","target":["https:\/\/www.hargoi.com\/eu\/politika-pribacidad\/"]}]},{"@type":"BreadcrumbList","@id":"https:\/\/www.hargoi.com\/eu\/politika-pribacidad\/#breadcrumb","itemListElement":[{"@type":"ListItem","position":1,"name":"Home","item":"https:\/\/www.hargoi.com\/eu\/"},{"@type":"ListItem","position":2,"name":"Politika Pribacidad"}]}]}},"_links":{"self":[{"href":"https:\/\/www.hargoi.com\/eu\/wp-json\/wp\/v2\/pages\/908"}],"collection":[{"href":"https:\/\/www.hargoi.com\/eu\/wp-json\/wp\/v2\/pages"}],"about":[{"href":"https:\/\/www.hargoi.com\/eu\/wp-json\/wp\/v2\/types\/page"}],"author":[{"embeddable":true,"href":"https:\/\/www.hargoi.com\/eu\/wp-json\/wp\/v2\/users\/1"}],"replies":[{"embeddable":true,"href":"https:\/\/www.hargoi.com\/eu\/wp-json\/wp\/v2\/comments?post=908"}],"version-history":[{"count":4,"href":"https:\/\/www.hargoi.com\/eu\/wp-json\/wp\/v2\/pages\/908\/revisions"}],"predecessor-version":[{"id":949,"href":"https:\/\/www.hargoi.com\/eu\/wp-json\/wp\/v2\/pages\/908\/revisions\/949"}],"wp:attachment":[{"href":"https:\/\/www.hargoi.com\/eu\/wp-json\/wp\/v2\/media?parent=908"}],"curies":[{"name":"wp","href":"https:\/\/api.w.org\/{rel}","templated":true}]}}