{"id":928,"date":"2019-04-26T08:18:16","date_gmt":"2019-04-26T08:18:16","guid":{"rendered":"https:\/\/www.hargoi.com\/politica-de-cookies\/"},"modified":"2022-04-25T08:24:44","modified_gmt":"2022-04-25T08:24:44","slug":"cookieen-politika","status":"publish","type":"page","link":"https:\/\/www.hargoi.com\/eu\/cookieen-politika\/","title":{"rendered":"Cookieen politika"},"content":{"rendered":"<p>[et_pb_section fb_built=&#8221;1&#8243; _builder_version=&#8221;3.22&#8243;][et_pb_row _builder_version=&#8221;3.25&#8243; background_size=&#8221;initial&#8221; background_position=&#8221;top_left&#8221; background_repeat=&#8221;repeat&#8221;][et_pb_column type=&#8221;4_4&#8243; _builder_version=&#8221;3.25&#8243; custom_padding=&#8221;|||&#8221; custom_padding__hover=&#8221;|||&#8221;][et_pb_text _builder_version=&#8221;4.9.4&#8243; z_index_tablet=&#8221;500&#8243;]<\/p>\n<h1>Cookieen politika<\/h1>\n<h2>Definizioa eta Funtzioak<\/h2>\n<p>Webgune honek trafiko-analisiatzaile bat erabiltzen du, &#8220;cookie&#8221; deitzen eta ezagutzen diren informazio-fitxategi txikiak eta\/edo edozein erabiltzailek gure webgunea arakatzen duenean informazioa gorde eta berreskuratzen duten antzeko teknologiak erabiltzen dituena. Zerbitzariak edukia erabiltzailearen ordenagailura bidaltzen du webgunea behar bezala funtziona dezan eta bistaratzeko, baita gure webgunearen erabilerari eta nabigazioari buruzko datu estatistikoak biltzeko ere. Oro har, teknologia hauek oso helburu desberdinak izan ditzakete.<\/p>\n<p>Zure ordenagailuari buruzko informazioa bil dezakegu, hala badagokio, zure IP helbidea, sistema eragilea eta arakatzaile mota barne.<\/p>\n<p>Cookieek ere gure webgunea hobetzen laguntzen digute, zerbitzu bikaina eta pertsonalizatuagoa eskaintzeko. Zehazki, aukera ematen digute:<\/p>\n<ul>\n<li>Zenbakiei buruzko estimazioa egin eta ereduak erabili.<\/li>\n<li>Gorde zure lehentasunei buruzko informazioa eta pertsonalizatu gure webgunea zure interesen arabera.<\/li>\n<li>Bizkortu zure bilaketak.<\/li>\n<li>Gure gunera berriro itzultzen zarenean ezagutuko zaitugu.<\/li>\n<\/ul>\n<h3>Zein Cookie mota erabiltzen ditugu?<\/h3>\n<p>Kudeatzen duen erakundearen arabera:<\/p>\n<h4>Beharrezkoa edo teknikoa<\/h4>\n<p>Erabiltzaileari web orri, plataforma edo aplikazio batetik nabigatzeko eta bertan dauden aukera edo zerbitzu desberdinak erabiltzeko aukera ematen diotenak dira, editoreak web orrialdearen kudeaketa eta funtzionamendua ahalbidetzeko eta bere gaitzeko erabiltzen dituenak barne. funtzioak eta zerbitzuak, hala nola, adibidez, trafikoa eta datuen komunikazioa kontrolatzea, saioa identifikatzea, sarbide mugatuko zatiak atzitzea, eskaera bat osatzen duten elementuak gogoratzea, eskaera baten erosketa prozesua burutzea, ordainketa kudeatzea, lotutako iruzurra kontrolatzea. zerbitzuaren segurtasuna, izen-ematea edo ekitaldi batean parte hartzeko eskaera, zerbitzuak lan egiten duen software lizentzien fakturazio helburuetarako bisitak zenbatzea (webgunea, plataforma edo aplikazioa), nabigazioan segurtasun elementuak erabiltzea, bideoa edo soinua emititzeko edukia gordetzea, gaitu eduki dinamikoa (adibidez, animazioa kargatzea testu edo irudi bat) edo edukiak partekatu sare sozialen bidez.<\/p>\n<h4>Analisia edo neurketa<\/h4>\n<p>Guk edo hirugarrenek prozesatutakoak, erabiltzaile-kopurua kuantifikatzeko aukera ematen digutenak dira eta, horrela, eskaintzen den zerbitzuaren erabiltzaileek egiten duten erabileraren neurketa eta azterketa estatistikoa egiteko, iragarkien inpaktuen kuantifikazioa barne. . Horretarako, gure webgunean egiten duzun nabigazioa aztertzen da, eskaintzen dizkizugun produktu edo zerbitzuen eskaintza hobetzeko.<\/p>\n<h3>Cookieak onartzea, baztertzea edo ezabatzea<\/h3>\n<p>Webgune honek bere Cookieen Politikari buruzko informazioa erakusten du atariaren behealdean edo goialdean saio-hasiera bakoitzean, horren berri izan dezazun eta jakin dezazun.<\/p>\n<p>Informazio-panelean aurki dezakezun zure web arakatzailean cookieak instalatzea onar dezakezu cookie guztiak baiezko eta positibo argi baten bidez onartzeko aukera ematen duen botoi baten bidez.<\/p>\n<p>Cookieak erabiltzeari uko egin diezaiokezu zure nabigatzailean cookieak instalatzeari eta erabiltzeari uko egitea hautatuz, blokean ukatzeko botoia sakatuz. Hala ere, kontutan izan behar duzu horrela egiten baduzu agian ezingo duzula webgune honen funtzionaltasun osoaz gozatu.<\/p>\n<p>Azken batean, aurretik instalatutako cookieak ezabatzeko aukera duzu horretarako erabiltzen ari zaren nabigatzailearen konfiguraziotik.<\/p>\n<h3>Aldatu cookieen ezarpenak<\/h3>\n<p>Cookieen erabilerak eragina izan dezakeen datuen babeserako araudiaren Europako jarraibideei jarraituz, cookieak mugatu, blokeatu edo ezabatu ditzakezu zure nabigatzailea erabiliz. Arakatzaile bakoitzean eragiketa ezberdina da, &#8216;Laguntza&#8217; funtzioak erakutsiko dizu nola egin.<\/p>\n<ul>\n<li>Internet Explorer: <a href=\"windows.microsoft.com\/es-xl\/internet-explorer\/delete-managecookies#ie=ie-10\">windows.microsoft.com\/es-xl\/internet-explorer\/delete-managecookies# ie=&#8221;ie-10&#8243;<\/a><\/li>\n<li>Microsoft Edge: <a href=\"support.microsoft.com\/es-es\/help\/4468242\/microsoft-edgebrowsing-data-and-privacy-microsoft-privacy\">support.microsoft.com\/es-es\/help\/4468242\/microsoft-edgebrowsing-data-and-privacy-microsoft-privacy<\/a><\/li>\n<li>FireFox: <a href=\"support.mozilla.org\/es\/kb\/Borrar%20cookies\">support.mozilla.org\/es\/kb\/Borrar%20cookies<\/a><\/li>\n<li>Chrome: <a href=\"support.google.com\/chrome\/answer\/95647?hl=es\">support.google.com\/chrome\/answer\/95647?hl=&#8221;es&#8221;<\/li>\n<li>Safari: <a href=\"www.apple.com\/es\/privacy\/use-of-cookies\/\">www.apple.com\/es\/privacy\/use-of-cookies\/<\/a><\/li>\n<\/ul>\n<p>Horrez gain, zure arakatzailean cookie-denda ere kudeatu dezakezu honako tresnen bidez:<\/p>\n<ul>\n<li>Ghostery: <a href=\"www.ghostery.com\/\">www.ghostery.com\/<\/a><\/li>\n<li>Zure online aukerak: <a href=\"www.youronlinechoices.com\/es\/\">www.youronlinechoices.com\/es\/<\/a><\/li>\n<\/ul>\n<h3>Zer cookie erabiltzen ditugu eta zergatik?<\/h3>\n<p>ZER?<br \/>\nJarraian cookie mota bakoitzaren, bere helburua, mota, denbora eta jabetzaren azalpen zehatzagoa da:<\/p>\n<\/p>\n<table border=\"0\" width=\"100%\" cellpadding=\"15\">\n<tbody>\n<tr>\n<td>Izena<\/td>\n<td>Mota<\/td>\n<td>Iraungitzea<\/td>\n<td>Helburua<\/td>\n<td>Klasea<\/td>\n<\/tr>\n<tr>\n<td>CONSENT<\/td>\n<td>beharrezkoak<\/td>\n<td>5944 egun<\/td>\n<td>Bisitariak cookieen banneran marketin-kategoria onartu duen detektatzeko erabiltzen da. Cookie hau beharrezkoa da webguneak G DPR betetzeko.<\/td>\n<td>Ez dago salbuetsita<\/td>\n<\/tr>\n<tr>\n<td>cookielawinfo-checkbox-advertisement<\/td>\n<td>Beharrezkoak<\/td>\n<td>Saioa<\/td>\n<td>Cookiea &#8220;Publizitate Cookieak&#8221; kategorian erabiltzailearen baimena gordetzeko erabiltzen da.<\/td>\n<td>Ez dago salbuetsita<\/td>\n<\/tr>\n<tr>\n<td>cookielawinfo-checkbox-analytics<\/td>\n<td>Beharrezkoak<\/td>\n<td>11 hilabete<\/td>\n<td>Cookiea &#8220;Analitika&#8221; kategorian erabiltzailearen baimena gordetzeko erabiltzen da.<\/td>\n<td>Ez dago salbuetsita<\/td>\n<\/tr>\n<tr>\n<td>cookielawinfo-checkbox-necessary<\/td>\n<td>Beharrezkoak<\/td>\n<td>Saioa<\/td>\n<td>Cookieak &#8220;Beharrezkoak&#8221; kategorian erabiltzailearen baimena gordetzeko erabiltzen dira.<\/td>\n<td>Ez dago salbuetsita<\/td>\n<\/tr>\n<tr>\n<td>viewed_cookie_policy<\/td>\n<td>Beharrezkoak<\/td>\n<td>Saioa<\/td>\n<td>Cookiea GDPR cookieen baimenaren pluginak ezartzen du eta erabiltzaileak cookieak erabiltzeko baimena eman duen ala ez gordetzeko erabiltzen da.<\/td>\n<td>Ez dago salbuetsita<\/td>\n<\/tr>\n<tr>\n<td>PHPSESSID<\/td>\n<td>Beharrezkoak<\/td>\n<td>Saioa<\/td>\n<td>Cookie hau beharrezkoa da webaren funtzionamendurako<\/td>\n<td>Ez dago salbuetsita<\/td>\n<\/tr>\n<tr>\n<td>wc_cart_created<\/td>\n<td>Beharrezkoak<\/td>\n<td>Saioa<\/td>\n<td>Webguneko erosketa saskiaren funtzionaltasunerako beharrezkoa da.<\/td>\n<td>Ez dago salbuetsita<\/td>\n<\/tr>\n<tr>\n<td>wc_cart_hash_#<\/td>\n<td>Beharrezkoak<\/td>\n<td>Iraunkorra<\/td>\n<td>Aukeratutako produktuak gogoratzeko webguneko erosketa-gurdiaren funtzionalitaterako beharrezkoa da; horri esker, webguneak bisitariari lotutako produktuak sustatzeko aukera ere ematen dio, erosketa saskiaren edukian oinarrituta.<\/td>\n<td>Ez dago salbuetsita<\/td>\n<\/tr>\n<tr>\n<td>wc_fragments_#<\/td>\n<td>Beharrezkoak<\/td>\n<td>Saioa<\/td>\n<td>Desklasifikatu<\/td>\n<td>Ez dago salbuetsita<\/td>\n<\/tr>\n<tr>\n<td>woocommerce_cart_hash<\/td>\n<td>Beharrezkoak<\/td>\n<td>Saioa<\/td>\n<td>Aukeratutako produktuak gogoratzeko webguneko erosketa-gurdiaren funtzionalitaterako beharrezkoa da &#8211; Hau ere Baimendu webguneari bisitariarekin lotutako produktuak sustatzeko, erosketa-gurdiaren edukiaren arabera.<\/td>\n<td>Ez dago salbuetsita<\/td>\n<\/tr>\n<tr>\n<td>woocommerce_items_in_cart<\/td>\n<td>Beharrezkoak<\/td>\n<td>Saioa<\/td>\n<td>Aukeratutako produktuak gogoratzeko webguneko erosketa-gurdiaren funtzionalitaterako beharrezkoa da &#8211; Hau ere Baimendu webguneari bisitariarekin lotutako produktuak sustatzeko, erosketa-gurdiaren edukiaren arabera.<\/td>\n<td>Ez dago salbuetsita<\/td>\n<\/tr>\n<tr>\n<td>wp_woocommerce_session_#<\/td>\n<td>Beharrezkoak<\/td>\n<td>1 egun<\/td>\n<td>Desklasifikatu.<\/td>\n<td>Ez dago salbuetsita<\/td>\n<\/tr>\n<tr>\n<td>ga<\/td>\n<td>Google Analytics<\/td>\n<td>2 urte<\/td>\n<td>Instalatutako _ga cookieak bisitarien, saioen eta kanpainen datuak kalkulatzen ditu.<\/td>\n<td>Ez dago salbuetsita<\/td>\n<\/tr>\n<tr>\n<td>gat<\/td>\n<td>Google Analytics<\/td>\n<td>1 minutu<\/td>\n<td>Erabiltzaileak bereizteko erabiltzen da.<\/td>\n<td>Ez dago salbuetsita<\/td>\n<\/tr>\n<tr>\n<td>gid<\/td>\n<td>Google Analytics<\/td>\n<td>1 egun<\/td>\n<td>Bisitariek webgune bat nola erabiltzen dutenari buruzko informazioa gordetzen du.<\/td>\n<td>Ez dago salbuetsita<\/td>\n<\/tr>\n<tr>\n<td>VISITOR_INFO1_LIVE<\/td>\n<td>Marketing<\/td>\n<td>179 egun<\/td>\n<td>Intenta estimar el ancho de banda de los usuarios en p\u00e1ginas con videos de YouTube integrados.<\/td>\n<td>Ez dago salbuetsita<\/td>\n<\/tr>\n<tr>\n<td>YSC<\/td>\n<td>Marketing<\/td>\n<td>Saioa<\/td>\n<td>Registra una identificaci\u00f3n \u00fanica para mantener estad\u00edsticas de los videos de YouTube que ha visto el usuario.<\/td>\n<td>Ez dago salbuetsita<\/td>\n<\/tr>\n<\/tbody>\n<\/table>\n<ul>\n<li>Google Analytics cookieen erabilera webguneetan: <a href=\"https:\/\/developers.google.com\/analytics\/devguides\/collection\/analyticsjs\/cookie-usage?hl=es\">https:\/\/developers.google.com\/analytics\/devguides\/collection\/analyticsjs\/cookie-usage?hl=es<\/a><\/li>\n<li>Google Analytics pribatutasun baldintzak: <a href=\"\"https:\/\/www.google.com\/policies\/privacy\/>https:\/\/www.google.com\/policies\/privacy\/<\/a><\/li>\n<li>Google cookie-en baldintzak: <a href=\"http:\/\/www.google.com\/policies\/technologies\/types\/\">http:\/\/www.google.com\/policies\/technologies\/types\/<\/a><\/li>\n<\/ul>\n<h3>Cookieei buruz gehiago jakiteko<\/h3>\n<p>Lineako portaeraren publizitateari eta lineako pribatutasunari buruz gehiago jakin dezakezu esteka honetan:<br \/>\n<a href=\"http:\/\/www.youronlinechoices.com\/es\/\">http:\/\/www.youronlinechoices.com\/es\/<\/a>\n<\/p>\n<p>Google Analytics datuen babesa:<br \/>\n<a href=\"http:\/\/www.google.com\/analytics\/learn\/privacy.html\">http:\/\/www.google.com\/analytics\/learn\/privacy.html<\/a>\n<\/p>\n<p>Google Analytics-ek nola erabiltzen dituen cookieak:<br \/>\n<a href=\"https:\/\/developers.google.com\/analytics\/devguides\/collection\/analyticsjs\/cookie-usage?hl=es#analyticsjs\">https:\/\/developers.google.com\/analytics\/devguides\/collection\/analyticsjs\/cookie-usage?hl=es#analyticsjs<\/a>\n<\/p>\n<h3>Pribatutasun-politika \/ cookie-en eguneraketak eta aldaketak<\/h3>\n<p>M\u00e1rmoles Euskal Harriaren webguneek Cookien Politika hau alda dezakete legegintzako edo arauzko eskakizunen arabera, edo politika hori Datuak Babesteko Espainiako Agentziak emandako argibideetara egokitzeko helburuarekin, horregatik erabiltzaileei aldian-aldian bisitatzea gomendatzen zaie.<\/p>\n<p>Cookie-politika honetan aldaketa nabarmenak gertatzen direnean, erabiltzaileei jakinaraziko zaizkie, bai web bidez, bai posta elektroniko bidez erregistratutako erabiltzaileei.<\/p>\n<p>[\/et_pb_text][\/et_pb_column][\/et_pb_row][\/et_pb_section]<\/p>\n","protected":false},"excerpt":{"rendered":"<p>[et_pb_section fb_built=&#8221;1&#8243; _builder_version=&#8221;3.22&#8243;][et_pb_row _builder_version=&#8221;3.25&#8243; background_size=&#8221;initial&#8221; background_position=&#8221;top_left&#8221; background_repeat=&#8221;repeat&#8221;][et_pb_column type=&#8221;4_4&#8243; _builder_version=&#8221;3.25&#8243; custom_padding=&#8221;|||&#8221; custom_padding__hover=&#8221;|||&#8221;][et_pb_text _builder_version=&#8221;4.9.4&#8243; z_index_tablet=&#8221;500&#8243;] Cookieen politika Definizioa eta Funtzioak Webgune honek trafiko-analisiatzaile bat erabiltzen du, &#8220;cookie&#8221; deitzen eta ezagutzen diren informazio-fitxategi txikiak eta\/edo edozein erabiltzailek gure webgunea arakatzen duenean informazioa gorde eta berreskuratzen duten antzeko teknologiak erabiltzen dituena. Zerbitzariak edukia erabiltzailearen ordenagailura bidaltzen du webgunea behar [&hellip;]<\/p>\n","protected":false},"author":1,"featured_media":0,"parent":0,"menu_order":20,"comment_status":"closed","ping_status":"closed","template":"","meta":{"_et_pb_use_builder":"on","_et_pb_old_content":"","_et_gb_content_width":"","_monsterinsights_skip_tracking":false,"_monsterinsights_sitenote_active":false,"_monsterinsights_sitenote_note":"","_monsterinsights_sitenote_category":0},"yoast_head":"<!-- This site is optimized with the Yoast SEO plugin v17.2 - https:\/\/yoast.com\/wordpress\/plugins\/seo\/ -->\n<title>Expertos en marmoler\u00eda y elaboraci\u00f3n de l\u00e1pidas<\/title>\n<meta name=\"description\" content=\"En Euskal Harria nos dedicamos a la industria de la piedra natural as\u00ed como montaje de muebles y equipamientos de cocinas y cuartos de ba\u00f1o.\" \/>\n<meta name=\"robots\" content=\"index, follow, max-snippet:-1, max-image-preview:large, max-video-preview:-1\" \/>\n<link rel=\"canonical\" href=\"https:\/\/www.hargoi.com\/eu\/cookieen-politika\/\" \/>\n<meta property=\"og:locale\" content=\"eu_ES\" \/>\n<meta property=\"og:type\" content=\"article\" \/>\n<meta property=\"og:title\" content=\"Expertos en marmoler\u00eda y elaboraci\u00f3n de l\u00e1pidas\" \/>\n<meta property=\"og:description\" content=\"En Euskal Harria nos dedicamos a la industria de la piedra natural as\u00ed como montaje de muebles y equipamientos de cocinas y cuartos de ba\u00f1o.\" \/>\n<meta property=\"og:url\" content=\"https:\/\/www.hargoi.com\/eu\/cookieen-politika\/\" \/>\n<meta property=\"og:site_name\" content=\"M\u00e1rmoles Euskal Harria\" \/>\n<meta property=\"article:modified_time\" content=\"2022-04-25T08:24:44+00:00\" \/>\n<meta name=\"twitter:card\" content=\"summary_large_image\" \/>\n<meta name=\"twitter:label1\" content=\"Est. reading time\" \/>\n\t<meta name=\"twitter:data1\" content=\"5 minutes\" \/>\n<script type=\"application\/ld+json\" class=\"yoast-schema-graph\">{\"@context\":\"https:\/\/schema.org\",\"@graph\":[{\"@type\":\"WebSite\",\"@id\":\"https:\/\/www.hargoi.com\/#website\",\"url\":\"https:\/\/www.hargoi.com\/\",\"name\":\"M\\u00e1rmoles Euskal Harria\",\"description\":\"Trabajos en M\\u00e1rmol: panteones, inscripciones\",\"potentialAction\":[{\"@type\":\"SearchAction\",\"target\":{\"@type\":\"EntryPoint\",\"urlTemplate\":\"https:\/\/www.hargoi.com\/?s={search_term_string}\"},\"query-input\":\"required name=search_term_string\"}],\"inLanguage\":\"eu-ES\"},{\"@type\":\"WebPage\",\"@id\":\"https:\/\/www.hargoi.com\/eu\/cookieen-politika\/#webpage\",\"url\":\"https:\/\/www.hargoi.com\/eu\/cookieen-politika\/\",\"name\":\"Expertos en marmoler\\u00eda y elaboraci\\u00f3n de l\\u00e1pidas\",\"isPartOf\":{\"@id\":\"https:\/\/www.hargoi.com\/#website\"},\"datePublished\":\"2019-04-26T08:18:16+00:00\",\"dateModified\":\"2022-04-25T08:24:44+00:00\",\"description\":\"En Euskal Harria nos dedicamos a la industria de la piedra natural as\\u00ed como montaje de muebles y equipamientos de cocinas y cuartos de ba\\u00f1o.\",\"breadcrumb\":{\"@id\":\"https:\/\/www.hargoi.com\/eu\/cookieen-politika\/#breadcrumb\"},\"inLanguage\":\"eu-ES\",\"potentialAction\":[{\"@type\":\"ReadAction\",\"target\":[\"https:\/\/www.hargoi.com\/eu\/cookieen-politika\/\"]}]},{\"@type\":\"BreadcrumbList\",\"@id\":\"https:\/\/www.hargoi.com\/eu\/cookieen-politika\/#breadcrumb\",\"itemListElement\":[{\"@type\":\"ListItem\",\"position\":1,\"name\":\"Home\",\"item\":\"https:\/\/www.hargoi.com\/eu\/\"},{\"@type\":\"ListItem\",\"position\":2,\"name\":\"Cookieen politika\"}]}]}<\/script>\n<!-- \/ Yoast SEO plugin. -->","yoast_head_json":{"title":"Expertos en marmoler\u00eda y elaboraci\u00f3n de l\u00e1pidas","description":"En Euskal Harria nos dedicamos a la industria de la piedra natural as\u00ed como montaje de muebles y equipamientos de cocinas y cuartos de ba\u00f1o.","robots":{"index":"index","follow":"follow","max-snippet":"max-snippet:-1","max-image-preview":"max-image-preview:large","max-video-preview":"max-video-preview:-1"},"canonical":"https:\/\/www.hargoi.com\/eu\/cookieen-politika\/","og_locale":"eu_ES","og_type":"article","og_title":"Expertos en marmoler\u00eda y elaboraci\u00f3n de l\u00e1pidas","og_description":"En Euskal Harria nos dedicamos a la industria de la piedra natural as\u00ed como montaje de muebles y equipamientos de cocinas y cuartos de ba\u00f1o.","og_url":"https:\/\/www.hargoi.com\/eu\/cookieen-politika\/","og_site_name":"M\u00e1rmoles Euskal Harria","article_modified_time":"2022-04-25T08:24:44+00:00","twitter_card":"summary_large_image","twitter_misc":{"Est. reading time":"5 minutes"},"schema":{"@context":"https:\/\/schema.org","@graph":[{"@type":"WebSite","@id":"https:\/\/www.hargoi.com\/#website","url":"https:\/\/www.hargoi.com\/","name":"M\u00e1rmoles Euskal Harria","description":"Trabajos en M\u00e1rmol: panteones, inscripciones","potentialAction":[{"@type":"SearchAction","target":{"@type":"EntryPoint","urlTemplate":"https:\/\/www.hargoi.com\/?s={search_term_string}"},"query-input":"required name=search_term_string"}],"inLanguage":"eu-ES"},{"@type":"WebPage","@id":"https:\/\/www.hargoi.com\/eu\/cookieen-politika\/#webpage","url":"https:\/\/www.hargoi.com\/eu\/cookieen-politika\/","name":"Expertos en marmoler\u00eda y elaboraci\u00f3n de l\u00e1pidas","isPartOf":{"@id":"https:\/\/www.hargoi.com\/#website"},"datePublished":"2019-04-26T08:18:16+00:00","dateModified":"2022-04-25T08:24:44+00:00","description":"En Euskal Harria nos dedicamos a la industria de la piedra natural as\u00ed como montaje de muebles y equipamientos de cocinas y cuartos de ba\u00f1o.","breadcrumb":{"@id":"https:\/\/www.hargoi.com\/eu\/cookieen-politika\/#breadcrumb"},"inLanguage":"eu-ES","potentialAction":[{"@type":"ReadAction","target":["https:\/\/www.hargoi.com\/eu\/cookieen-politika\/"]}]},{"@type":"BreadcrumbList","@id":"https:\/\/www.hargoi.com\/eu\/cookieen-politika\/#breadcrumb","itemListElement":[{"@type":"ListItem","position":1,"name":"Home","item":"https:\/\/www.hargoi.com\/eu\/"},{"@type":"ListItem","position":2,"name":"Cookieen politika"}]}]}},"_links":{"self":[{"href":"https:\/\/www.hargoi.com\/eu\/wp-json\/wp\/v2\/pages\/928"}],"collection":[{"href":"https:\/\/www.hargoi.com\/eu\/wp-json\/wp\/v2\/pages"}],"about":[{"href":"https:\/\/www.hargoi.com\/eu\/wp-json\/wp\/v2\/types\/page"}],"author":[{"embeddable":true,"href":"https:\/\/www.hargoi.com\/eu\/wp-json\/wp\/v2\/users\/1"}],"replies":[{"embeddable":true,"href":"https:\/\/www.hargoi.com\/eu\/wp-json\/wp\/v2\/comments?post=928"}],"version-history":[{"count":4,"href":"https:\/\/www.hargoi.com\/eu\/wp-json\/wp\/v2\/pages\/928\/revisions"}],"predecessor-version":[{"id":946,"href":"https:\/\/www.hargoi.com\/eu\/wp-json\/wp\/v2\/pages\/928\/revisions\/946"}],"wp:attachment":[{"href":"https:\/\/www.hargoi.com\/eu\/wp-json\/wp\/v2\/media?parent=928"}],"curies":[{"name":"wp","href":"https:\/\/api.w.org\/{rel}","templated":true}]}}